{"id":30,"date":"2024-06-16T21:19:41","date_gmt":"2024-06-16T19:19:41","guid":{"rendered":"https:\/\/iqhdrones.com\/our-story\/"},"modified":"2026-02-23T12:25:27","modified_gmt":"2026-02-23T10:25:27","slug":"rolunk","status":"publish","type":"page","link":"https:\/\/iqhdrones.com\/en\/rolunk\/","title":{"rendered":"About us"},"content":{"rendered":"<div data-elementor-type=\"wp-page\" data-elementor-id=\"30\" class=\"elementor elementor-30\">\n\t\t\t\t<div class=\"elementor-element elementor-element-47a8853c e-con-full e-flex elementor-invisible e-con e-parent\" data-id=\"47a8853c\" data-element_type=\"container\" data-settings=\"{&quot;background_background&quot;:&quot;classic&quot;,&quot;animation&quot;:&quot;fadeIn&quot;}\">\n\t\t<div class=\"elementor-element elementor-element-17565af1 e-con-full e-flex elementor-invisible e-con e-child\" data-id=\"17565af1\" data-element_type=\"container\" data-settings=\"{&quot;background_background&quot;:&quot;slideshow&quot;,&quot;background_slideshow_gallery&quot;:[{&quot;id&quot;:1330,&quot;url&quot;:&quot;https:\\\/\\\/iqhdrones.com\\\/wp-content\\\/uploads\\\/2024\\\/07\\\/2H1A8062b.jpg&quot;}],&quot;animation&quot;:&quot;fadeIn&quot;,&quot;background_slideshow_loop&quot;:&quot;yes&quot;,&quot;background_slideshow_slide_duration&quot;:5000,&quot;background_slideshow_slide_transition&quot;:&quot;fade&quot;,&quot;background_slideshow_transition_duration&quot;:500}\">\n\t\t\t\t<\/div>\n\t\t<div class=\"elementor-element elementor-element-8734fb e-con-full e-flex elementor-invisible e-con e-child\" data-id=\"8734fb\" data-element_type=\"container\" data-settings=\"{&quot;animation&quot;:&quot;fadeIn&quot;}\">\n\t\t\t\t<div class=\"elementor-element elementor-element-12836e92 elementor-widget elementor-widget-heading\" data-id=\"12836e92\" data-element_type=\"widget\" data-widget_type=\"heading.default\">\n\t\t\t\t<div class=\"elementor-widget-container\">\n\t\t\t\t\t<h6 class=\"elementor-heading-title elementor-size-default\">About us<\/h6>\t\t\t\t<\/div>\n\t\t\t\t<\/div>\n\t\t\t\t<div class=\"elementor-element elementor-element-3fd0410 elementor-widget elementor-widget-heading\" data-id=\"3fd0410\" data-element_type=\"widget\" data-settings=\"{&quot;_animation&quot;:&quot;none&quot;}\" data-widget_type=\"heading.default\">\n\t\t\t\t<div class=\"elementor-widget-container\">\n\t\t\t\t\t<h1 class=\"elementor-heading-title elementor-size-default\">About IQH Drones<\/h1>\t\t\t\t<\/div>\n\t\t\t\t<\/div>\n\t\t\t\t<div class=\"elementor-element elementor-element-662ba29b elementor-widget elementor-widget-text-editor\" data-id=\"662ba29b\" data-element_type=\"widget\" data-settings=\"{&quot;_animation&quot;:&quot;none&quot;,&quot;_animation_delay&quot;:400}\" data-widget_type=\"text-editor.default\">\n\t\t\t\t<div class=\"elementor-widget-container\">\n\t\t\t\t\t\t\t\t\t<p class=\"translation-block\">I got into the world of drones in 2020. Unique content on social media and friends flying FPV encouraged me to try drone flying as a hobby.<\/p><p class=\"translation-block\">While building and flying my own quads, I mastered the skills of FPV, from soldering to manoeuvring.<\/p><p class=\"translation-block\">In the journey, I fell in love with FPV and the idea of taking my skills to a professional level was born. That's why I created IQH Drones.<\/p><p class=\"translation-block\">My goal is to contribute to creative projects that produce unique video content.<\/p>\t\t\t\t\t\t\t\t<\/div>\n\t\t\t\t<\/div>\n\t\t\t\t<\/div>\n\t\t\t\t<\/div>\n\t\t<div class=\"elementor-element elementor-element-454aa4f5 e-flex e-con-boxed e-con e-parent\" data-id=\"454aa4f5\" data-element_type=\"container\" data-settings=\"{&quot;background_background&quot;:&quot;classic&quot;}\">\n\t\t\t\t\t<div class=\"e-con-inner\">\n\t\t\t\t<div class=\"elementor-element elementor-element-609f773c elementor-invisible elementor-widget elementor-widget-heading\" data-id=\"609f773c\" data-element_type=\"widget\" data-settings=\"{&quot;_animation&quot;:&quot;fadeIn&quot;}\" data-widget_type=\"heading.default\">\n\t\t\t\t<div class=\"elementor-widget-container\">\n\t\t\t\t\t<h2 class=\"elementor-heading-title elementor-size-default\">Experience - qualifications - legal background<\/h2>\t\t\t\t<\/div>\n\t\t\t\t<\/div>\n\t\t<div class=\"elementor-element elementor-element-4b6b586 e-con-full e-flex e-con e-child\" data-id=\"4b6b586\" data-element_type=\"container\" data-settings=\"{&quot;animation&quot;:&quot;none&quot;}\">\n\t\t<div class=\"elementor-element elementor-element-5fa27416 e-con-full e-flex elementor-invisible e-con e-child\" data-id=\"5fa27416\" data-element_type=\"container\" data-settings=\"{&quot;background_background&quot;:&quot;classic&quot;,&quot;animation&quot;:&quot;fadeIn&quot;,&quot;animation_delay&quot;:100}\">\n\t\t\t\t<div class=\"elementor-element elementor-element-3a759ff elementor-widget elementor-widget-heading\" data-id=\"3a759ff\" data-element_type=\"widget\" data-widget_type=\"heading.default\">\n\t\t\t\t<div class=\"elementor-widget-container\">\n\t\t\t\t\t<h4 class=\"elementor-heading-title elementor-size-default\">Experience<\/h4>\t\t\t\t<\/div>\n\t\t\t\t<\/div>\n\t\t\t\t<div class=\"elementor-element elementor-element-d83f3d9 elementor-widget-divider--view-line elementor-widget elementor-widget-divider\" data-id=\"d83f3d9\" data-element_type=\"widget\" data-widget_type=\"divider.default\">\n\t\t\t\t<div class=\"elementor-widget-container\">\n\t\t\t\t\t\t\t<div class=\"elementor-divider\">\n\t\t\t<span class=\"elementor-divider-separator\">\n\t\t\t\t\t\t<\/span>\n\t\t<\/div>\n\t\t\t\t\t\t<\/div>\n\t\t\t\t<\/div>\n\t\t\t\t<div class=\"elementor-element elementor-element-2681ab39 elementor-widget elementor-widget-text-editor\" data-id=\"2681ab39\" data-element_type=\"widget\" data-widget_type=\"text-editor.default\">\n\t\t\t\t<div class=\"elementor-widget-container\">\n\t\t\t\t\t\t\t\t\t<p>We have more than 5 years of flying experience.<\/p>\t\t\t\t\t\t\t\t<\/div>\n\t\t\t\t<\/div>\n\t\t\t\t<\/div>\n\t\t<div class=\"elementor-element elementor-element-6aa6c5dc e-con-full e-flex elementor-invisible e-con e-child\" data-id=\"6aa6c5dc\" data-element_type=\"container\" data-settings=\"{&quot;background_background&quot;:&quot;classic&quot;,&quot;animation&quot;:&quot;fadeIn&quot;,&quot;animation_delay&quot;:100}\">\n\t\t\t\t<div class=\"elementor-element elementor-element-38eb14e8 elementor-widget elementor-widget-heading\" data-id=\"38eb14e8\" data-element_type=\"widget\" data-widget_type=\"heading.default\">\n\t\t\t\t<div class=\"elementor-widget-container\">\n\t\t\t\t\t<h4 class=\"elementor-heading-title elementor-size-default\">Drone license<\/h4>\t\t\t\t<\/div>\n\t\t\t\t<\/div>\n\t\t\t\t<div class=\"elementor-element elementor-element-7ea228fa elementor-widget-divider--view-line elementor-widget elementor-widget-divider\" data-id=\"7ea228fa\" data-element_type=\"widget\" data-widget_type=\"divider.default\">\n\t\t\t\t<div class=\"elementor-widget-container\">\n\t\t\t\t\t\t\t<div class=\"elementor-divider\">\n\t\t\t<span class=\"elementor-divider-separator\">\n\t\t\t\t\t\t<\/span>\n\t\t<\/div>\n\t\t\t\t\t\t<\/div>\n\t\t\t\t<\/div>\n\t\t\t\t<div class=\"elementor-element elementor-element-a7399bb elementor-widget elementor-widget-text-editor\" data-id=\"a7399bb\" data-element_type=\"widget\" data-widget_type=\"text-editor.default\">\n\t\t\t\t<div class=\"elementor-widget-container\">\n\t\t\t\t\t\t\t\t\t<p>A1\/A3 + A2<\/p>\t\t\t\t\t\t\t\t<\/div>\n\t\t\t\t<\/div>\n\t\t\t\t<\/div>\n\t\t<div class=\"elementor-element elementor-element-689f8e89 e-con-full e-flex elementor-invisible e-con e-child\" data-id=\"689f8e89\" data-element_type=\"container\" data-settings=\"{&quot;background_background&quot;:&quot;classic&quot;,&quot;animation&quot;:&quot;fadeIn&quot;,&quot;animation_delay&quot;:100}\">\n\t\t\t\t<div class=\"elementor-element elementor-element-d509a35 elementor-widget elementor-widget-heading\" data-id=\"d509a35\" data-element_type=\"widget\" data-widget_type=\"heading.default\">\n\t\t\t\t<div class=\"elementor-widget-container\">\n\t\t\t\t\t<h4 class=\"elementor-heading-title elementor-size-default\">Insurance<\/h4>\t\t\t\t<\/div>\n\t\t\t\t<\/div>\n\t\t\t\t<div class=\"elementor-element elementor-element-43edb4eb elementor-widget-divider--view-line elementor-widget elementor-widget-divider\" data-id=\"43edb4eb\" data-element_type=\"widget\" data-widget_type=\"divider.default\">\n\t\t\t\t<div class=\"elementor-widget-container\">\n\t\t\t\t\t\t\t<div class=\"elementor-divider\">\n\t\t\t<span class=\"elementor-divider-separator\">\n\t\t\t\t\t\t<\/span>\n\t\t<\/div>\n\t\t\t\t\t\t<\/div>\n\t\t\t\t<\/div>\n\t\t\t\t<div class=\"elementor-element elementor-element-5b85cba elementor-widget elementor-widget-text-editor\" data-id=\"5b85cba\" data-element_type=\"widget\" data-widget_type=\"text-editor.default\">\n\t\t\t\t<div class=\"elementor-widget-container\">\n\t\t\t\t\t\t\t\t\t<p>In case of an accident, it covers the damage.<\/p>\t\t\t\t\t\t\t\t<\/div>\n\t\t\t\t<\/div>\n\t\t\t\t<\/div>\n\t\t<div class=\"elementor-element elementor-element-1b7d7832 e-con-full e-flex elementor-invisible e-con e-child\" data-id=\"1b7d7832\" data-element_type=\"container\" data-settings=\"{&quot;background_background&quot;:&quot;classic&quot;,&quot;animation&quot;:&quot;fadeIn&quot;,&quot;animation_delay&quot;:100}\">\n\t\t\t\t<div class=\"elementor-element elementor-element-57b42908 elementor-widget elementor-widget-heading\" data-id=\"57b42908\" data-element_type=\"widget\" data-widget_type=\"heading.default\">\n\t\t\t\t<div class=\"elementor-widget-container\">\n\t\t\t\t\t<h4 class=\"elementor-heading-title elementor-size-default\">Airspace<\/h4>\t\t\t\t<\/div>\n\t\t\t\t<\/div>\n\t\t\t\t<div class=\"elementor-element elementor-element-68e1194b elementor-widget-divider--view-line elementor-widget elementor-widget-divider\" data-id=\"68e1194b\" data-element_type=\"widget\" data-widget_type=\"divider.default\">\n\t\t\t\t<div class=\"elementor-widget-container\">\n\t\t\t\t\t\t\t<div class=\"elementor-divider\">\n\t\t\t<span class=\"elementor-divider-separator\">\n\t\t\t\t\t\t<\/span>\n\t\t<\/div>\n\t\t\t\t\t\t<\/div>\n\t\t\t\t<\/div>\n\t\t\t\t<div class=\"elementor-element elementor-element-45247fb7 elementor-widget elementor-widget-text-editor\" data-id=\"45247fb7\" data-element_type=\"widget\" data-widget_type=\"text-editor.default\">\n\t\t\t\t<div class=\"elementor-widget-container\">\n\t\t\t\t\t\t\t\t\t<p>We arrange the airspace-permit according to the needs of the project.<\/p>\t\t\t\t\t\t\t\t<\/div>\n\t\t\t\t<\/div>\n\t\t\t\t<\/div>\n\t\t\t\t<\/div>\n\t\t\t\t\t<\/div>\n\t\t\t\t<\/div>\n\t\t\t\t<\/div>","protected":false},"excerpt":{"rendered":"<p>R\u00f3lunk Az IQH Drones-r\u00f3l 2020-ban cs\u00f6ppentem bele a dr\u00f3noz\u00e1s vil\u00e1g\u00e1ba. A social media egyedi tartalmai \u00e9s FPV-z\u0151 bar\u00e1tok \u00f6szt\u00f6n\u00f6ztek kezdetben hobbik\u00e9nt kipr\u00f3b\u00e1lni a dr\u00f3noz\u00e1st. Saj\u00e1t k\u00e9sz\u00edt\u00e9s\u0171 g\u00e9pek \u00e9p\u00edt\u00e9se \u00e9s reptet\u00e9se sor\u00e1n elsaj\u00e1t\u00edtottam az FPV-z\u00e9s fort\u00e9lyait a forraszt\u00e1st\u00f3l a man\u0151verez\u00e9sig. A folyamat sor\u00e1n beleszerettem az FPV-z\u00e9s vil\u00e1g\u00e1ba, \u00e9s megfogalmaz\u00f3dott bennem a gondolat, hogy tud\u00e1somat professzion\u00e1lis szintre [&hellip;]<\/p>","protected":false},"author":1,"featured_media":0,"parent":0,"menu_order":0,"comment_status":"closed","ping_status":"closed","template":"elementor_header_footer","meta":{"nf_dc_page":"","om_disable_all_campaigns":false,"_monsterinsights_skip_tracking":false,"_monsterinsights_sitenote_active":false,"_monsterinsights_sitenote_note":"","_monsterinsights_sitenote_category":0,"_uf_show_specific_survey":0,"_uf_disable_surveys":false,"footnotes":""},"class_list":["post-30","page","type-page","status-publish","hentry"],"aioseo_notices":[],"yoast_head":"<!-- This site is optimized with the Yoast SEO plugin v27.2 - https:\/\/yoast.com\/product\/yoast-seo-wordpress\/ -->\n<title>R\u00f3lunk - IQH Drones<\/title>\n<meta name=\"robots\" content=\"index, follow, max-snippet:-1, max-image-preview:large, max-video-preview:-1\" \/>\n<link rel=\"canonical\" href=\"https:\/\/iqhdrones.com\/en\/rolunk\/\" \/>\n<meta property=\"og:locale\" content=\"en_GB\" \/>\n<meta property=\"og:type\" content=\"article\" \/>\n<meta property=\"og:title\" content=\"R\u00f3lunk - IQH Drones\" \/>\n<meta property=\"og:description\" content=\"R\u00f3lunk Az IQH Drones-r\u00f3l 2020-ban cs\u00f6ppentem bele a dr\u00f3noz\u00e1s vil\u00e1g\u00e1ba. A social media egyedi tartalmai \u00e9s FPV-z\u0151 bar\u00e1tok \u00f6szt\u00f6n\u00f6ztek kezdetben hobbik\u00e9nt kipr\u00f3b\u00e1lni a dr\u00f3noz\u00e1st. Saj\u00e1t k\u00e9sz\u00edt\u00e9s\u0171 g\u00e9pek \u00e9p\u00edt\u00e9se \u00e9s reptet\u00e9se sor\u00e1n elsaj\u00e1t\u00edtottam az FPV-z\u00e9s fort\u00e9lyait a forraszt\u00e1st\u00f3l a man\u0151verez\u00e9sig. A folyamat sor\u00e1n beleszerettem az FPV-z\u00e9s vil\u00e1g\u00e1ba, \u00e9s megfogalmaz\u00f3dott bennem a gondolat, hogy tud\u00e1somat professzion\u00e1lis szintre [&hellip;]\" \/>\n<meta property=\"og:url\" content=\"https:\/\/iqhdrones.com\/en\/rolunk\/\" \/>\n<meta property=\"og:site_name\" content=\"IQH Drones\" \/>\n<meta property=\"article:modified_time\" content=\"2026-02-23T10:25:27+00:00\" \/>\n<meta name=\"twitter:card\" content=\"summary_large_image\" \/>\n<meta name=\"twitter:label1\" content=\"Estimated reading time\" \/>\n\t<meta name=\"twitter:data1\" content=\"1 minute\" \/>\n<script type=\"application\/ld+json\" class=\"yoast-schema-graph\">{\"@context\":\"https:\/\/schema.org\",\"@graph\":[{\"@type\":\"WebPage\",\"@id\":\"https:\/\/iqhdrones.com\/rolunk\/\",\"url\":\"https:\/\/iqhdrones.com\/rolunk\/\",\"name\":\"R\u00f3lunk - IQH Drones\",\"isPartOf\":{\"@id\":\"https:\/\/iqhdrones.com\/#website\"},\"datePublished\":\"2024-06-16T19:19:41+00:00\",\"dateModified\":\"2026-02-23T10:25:27+00:00\",\"breadcrumb\":{\"@id\":\"https:\/\/iqhdrones.com\/rolunk\/#breadcrumb\"},\"inLanguage\":\"en-GB\",\"potentialAction\":[{\"@type\":\"ReadAction\",\"target\":[\"https:\/\/iqhdrones.com\/rolunk\/\"]}]},{\"@type\":\"BreadcrumbList\",\"@id\":\"https:\/\/iqhdrones.com\/rolunk\/#breadcrumb\",\"itemListElement\":[{\"@type\":\"ListItem\",\"position\":1,\"name\":\"Home\",\"item\":\"https:\/\/iqhdrones.com\/\"},{\"@type\":\"ListItem\",\"position\":2,\"name\":\"R\u00f3lunk\"}]},{\"@type\":\"WebSite\",\"@id\":\"https:\/\/iqhdrones.com\/#website\",\"url\":\"https:\/\/iqhdrones.com\/\",\"name\":\"IQH Drones\",\"description\":\"Vide\u00f3z\u00e1s FPV dr\u00f3nokkal.\",\"publisher\":{\"@id\":\"https:\/\/iqhdrones.com\/#organization\"},\"potentialAction\":[{\"@type\":\"SearchAction\",\"target\":{\"@type\":\"EntryPoint\",\"urlTemplate\":\"https:\/\/iqhdrones.com\/?s={search_term_string}\"},\"query-input\":{\"@type\":\"PropertyValueSpecification\",\"valueRequired\":true,\"valueName\":\"search_term_string\"}}],\"inLanguage\":\"en-GB\"},{\"@type\":\"Organization\",\"@id\":\"https:\/\/iqhdrones.com\/#organization\",\"name\":\"IQH Drones\",\"url\":\"https:\/\/iqhdrones.com\/\",\"logo\":{\"@type\":\"ImageObject\",\"inLanguage\":\"en-GB\",\"@id\":\"https:\/\/iqhdrones.com\/#\/schema\/logo\/image\/\",\"url\":\"https:\/\/i0.wp.com\/iqhdrones.com\/wp-content\/uploads\/2024\/06\/IQH_logo_vegleges-kek.png?fit=1261%2C537&ssl=1\",\"contentUrl\":\"https:\/\/i0.wp.com\/iqhdrones.com\/wp-content\/uploads\/2024\/06\/IQH_logo_vegleges-kek.png?fit=1261%2C537&ssl=1\",\"width\":1261,\"height\":537,\"caption\":\"IQH Drones\"},\"image\":{\"@id\":\"https:\/\/iqhdrones.com\/#\/schema\/logo\/image\/\"}}]}<\/script>\n<!-- \/ Yoast SEO plugin. -->","yoast_head_json":{"title":"R\u00f3lunk - IQH Drones","robots":{"index":"index","follow":"follow","max-snippet":"max-snippet:-1","max-image-preview":"max-image-preview:large","max-video-preview":"max-video-preview:-1"},"canonical":"https:\/\/iqhdrones.com\/en\/rolunk\/","og_locale":"en_GB","og_type":"article","og_title":"R\u00f3lunk - IQH Drones","og_description":"R\u00f3lunk Az IQH Drones-r\u00f3l 2020-ban cs\u00f6ppentem bele a dr\u00f3noz\u00e1s vil\u00e1g\u00e1ba. A social media egyedi tartalmai \u00e9s FPV-z\u0151 bar\u00e1tok \u00f6szt\u00f6n\u00f6ztek kezdetben hobbik\u00e9nt kipr\u00f3b\u00e1lni a dr\u00f3noz\u00e1st. Saj\u00e1t k\u00e9sz\u00edt\u00e9s\u0171 g\u00e9pek \u00e9p\u00edt\u00e9se \u00e9s reptet\u00e9se sor\u00e1n elsaj\u00e1t\u00edtottam az FPV-z\u00e9s fort\u00e9lyait a forraszt\u00e1st\u00f3l a man\u0151verez\u00e9sig. A folyamat sor\u00e1n beleszerettem az FPV-z\u00e9s vil\u00e1g\u00e1ba, \u00e9s megfogalmaz\u00f3dott bennem a gondolat, hogy tud\u00e1somat professzion\u00e1lis szintre [&hellip;]","og_url":"https:\/\/iqhdrones.com\/en\/rolunk\/","og_site_name":"IQH Drones","article_modified_time":"2026-02-23T10:25:27+00:00","twitter_card":"summary_large_image","twitter_misc":{"Estimated reading time":"1 minute"},"schema":{"@context":"https:\/\/schema.org","@graph":[{"@type":"WebPage","@id":"https:\/\/iqhdrones.com\/rolunk\/","url":"https:\/\/iqhdrones.com\/rolunk\/","name":"R\u00f3lunk - IQH Drones","isPartOf":{"@id":"https:\/\/iqhdrones.com\/#website"},"datePublished":"2024-06-16T19:19:41+00:00","dateModified":"2026-02-23T10:25:27+00:00","breadcrumb":{"@id":"https:\/\/iqhdrones.com\/rolunk\/#breadcrumb"},"inLanguage":"en-GB","potentialAction":[{"@type":"ReadAction","target":["https:\/\/iqhdrones.com\/rolunk\/"]}]},{"@type":"BreadcrumbList","@id":"https:\/\/iqhdrones.com\/rolunk\/#breadcrumb","itemListElement":[{"@type":"ListItem","position":1,"name":"Home","item":"https:\/\/iqhdrones.com\/"},{"@type":"ListItem","position":2,"name":"R\u00f3lunk"}]},{"@type":"WebSite","@id":"https:\/\/iqhdrones.com\/#website","url":"https:\/\/iqhdrones.com\/","name":"IQH Drones","description":"Vide\u00f3z\u00e1s FPV dr\u00f3nokkal.","publisher":{"@id":"https:\/\/iqhdrones.com\/#organization"},"potentialAction":[{"@type":"SearchAction","target":{"@type":"EntryPoint","urlTemplate":"https:\/\/iqhdrones.com\/?s={search_term_string}"},"query-input":{"@type":"PropertyValueSpecification","valueRequired":true,"valueName":"search_term_string"}}],"inLanguage":"en-GB"},{"@type":"Organization","@id":"https:\/\/iqhdrones.com\/#organization","name":"IQH Drones","url":"https:\/\/iqhdrones.com\/","logo":{"@type":"ImageObject","inLanguage":"en-GB","@id":"https:\/\/iqhdrones.com\/#\/schema\/logo\/image\/","url":"https:\/\/i0.wp.com\/iqhdrones.com\/wp-content\/uploads\/2024\/06\/IQH_logo_vegleges-kek.png?fit=1261%2C537&ssl=1","contentUrl":"https:\/\/i0.wp.com\/iqhdrones.com\/wp-content\/uploads\/2024\/06\/IQH_logo_vegleges-kek.png?fit=1261%2C537&ssl=1","width":1261,"height":537,"caption":"IQH Drones"},"image":{"@id":"https:\/\/iqhdrones.com\/#\/schema\/logo\/image\/"}}]}},"jetpack_sharing_enabled":true,"_links":{"self":[{"href":"https:\/\/iqhdrones.com\/en\/wp-json\/wp\/v2\/pages\/30","targetHints":{"allow":["GET"]}}],"collection":[{"href":"https:\/\/iqhdrones.com\/en\/wp-json\/wp\/v2\/pages"}],"about":[{"href":"https:\/\/iqhdrones.com\/en\/wp-json\/wp\/v2\/types\/page"}],"author":[{"embeddable":true,"href":"https:\/\/iqhdrones.com\/en\/wp-json\/wp\/v2\/users\/1"}],"replies":[{"embeddable":true,"href":"https:\/\/iqhdrones.com\/en\/wp-json\/wp\/v2\/comments?post=30"}],"version-history":[{"count":11,"href":"https:\/\/iqhdrones.com\/en\/wp-json\/wp\/v2\/pages\/30\/revisions"}],"predecessor-version":[{"id":1821,"href":"https:\/\/iqhdrones.com\/en\/wp-json\/wp\/v2\/pages\/30\/revisions\/1821"}],"wp:attachment":[{"href":"https:\/\/iqhdrones.com\/en\/wp-json\/wp\/v2\/media?parent=30"}],"curies":[{"name":"wp","href":"https:\/\/api.w.org\/{rel}","templated":true}]}}