{"id":19,"date":"2024-06-16T21:19:28","date_gmt":"2024-06-16T19:19:28","guid":{"rendered":"https:\/\/iqhdrones.com\/our-services\/"},"modified":"2026-02-23T12:33:33","modified_gmt":"2026-02-23T10:33:33","slug":"szolgaltatasaink","status":"publish","type":"page","link":"https:\/\/iqhdrones.com\/en\/szolgaltatasaink\/","title":{"rendered":"Services"},"content":{"rendered":"<div data-elementor-type=\"wp-page\" data-elementor-id=\"19\" class=\"elementor elementor-19\">\n\t\t\t\t<div class=\"elementor-element elementor-element-3b3518b e-flex e-con-boxed e-con e-parent\" data-id=\"3b3518b\" data-element_type=\"container\" data-settings=\"{&quot;background_background&quot;:&quot;classic&quot;,&quot;animation&quot;:&quot;none&quot;}\">\n\t\t\t\t\t<div class=\"e-con-inner\">\n\t\t<div class=\"elementor-element elementor-element-4bd000d e-con-full e-flex e-con e-child\" data-id=\"4bd000d\" data-element_type=\"container\">\n\t\t\t\t<div class=\"elementor-element elementor-element-2acec4b elementor-invisible elementor-widget elementor-widget-heading\" data-id=\"2acec4b\" data-element_type=\"widget\" data-settings=\"{&quot;_animation&quot;:&quot;fadeIn&quot;}\" data-widget_type=\"heading.default\">\n\t\t\t\t<div class=\"elementor-widget-container\">\n\t\t\t\t\t<h1 class=\"elementor-heading-title elementor-size-default\">Services<\/h1>\t\t\t\t<\/div>\n\t\t\t\t<\/div>\n\t\t\t\t<div class=\"elementor-element elementor-element-4e690c2 elementor-invisible elementor-widget elementor-widget-text-editor\" data-id=\"4e690c2\" data-element_type=\"widget\" data-settings=\"{&quot;_animation&quot;:&quot;fadeIn&quot;}\" data-widget_type=\"text-editor.default\">\n\t\t\t\t<div class=\"elementor-widget-container\">\n\t\t\t\t\t\t\t\t\t<p>Let it be a <strong>commercial<\/strong>, <strong>a music video<\/strong> or a <strong>feature film<\/strong>, drone footage can add a lot to the final result.\u00a0<\/p>\t\t\t\t\t\t\t\t<\/div>\n\t\t\t\t<\/div>\n\t\t\t\t<\/div>\n\t\t\t\t\t<\/div>\n\t\t\t\t<\/div>\n\t\t<div class=\"elementor-element elementor-element-4f8430b3 e-flex e-con-boxed e-con e-parent\" data-id=\"4f8430b3\" data-element_type=\"container\" data-settings=\"{&quot;background_background&quot;:&quot;classic&quot;}\">\n\t\t\t\t\t<div class=\"e-con-inner\">\n\t\t<div class=\"elementor-element elementor-element-66c691b4 e-con-full e-flex e-con e-child\" data-id=\"66c691b4\" data-element_type=\"container\">\n\t\t<div class=\"elementor-element elementor-element-7cc173af e-con-full e-flex elementor-invisible e-con e-child\" data-id=\"7cc173af\" data-element_type=\"container\" data-settings=\"{&quot;background_background&quot;:&quot;classic&quot;,&quot;animation&quot;:&quot;fadeIn&quot;}\">\n\t\t\t\t<\/div>\n\t\t<div class=\"elementor-element elementor-element-591f9b37 e-con-full e-flex elementor-invisible e-con e-child\" data-id=\"591f9b37\" data-element_type=\"container\" data-settings=\"{&quot;animation&quot;:&quot;fadeIn&quot;}\">\n\t\t\t\t<div class=\"elementor-element elementor-element-16fa52b6 elementor-widget elementor-widget-heading\" data-id=\"16fa52b6\" data-element_type=\"widget\" data-widget_type=\"heading.default\">\n\t\t\t\t<div class=\"elementor-widget-container\">\n\t\t\t\t\t<h2 class=\"elementor-heading-title elementor-size-default\">Full movie<\/h2>\t\t\t\t<\/div>\n\t\t\t\t<\/div>\n\t\t\t\t<div class=\"elementor-element elementor-element-44dfc547 elementor-widget-divider--view-line elementor-widget elementor-widget-divider\" data-id=\"44dfc547\" data-element_type=\"widget\" data-widget_type=\"divider.default\">\n\t\t\t\t<div class=\"elementor-widget-container\">\n\t\t\t\t\t\t\t<div class=\"elementor-divider\">\n\t\t\t<span class=\"elementor-divider-separator\">\n\t\t\t\t\t\t<\/span>\n\t\t<\/div>\n\t\t\t\t\t\t<\/div>\n\t\t\t\t<\/div>\n\t\t\t\t<div class=\"elementor-element elementor-element-648c5f5d elementor-widget elementor-widget-text-editor\" data-id=\"648c5f5d\" data-element_type=\"widget\" data-widget_type=\"text-editor.default\">\n\t\t\t\t<div class=\"elementor-widget-container\">\n\t\t\t\t\t\t\t\t\t<p>Shooting + post production. (editing, color grading, sound effects ect.)<\/p>\t\t\t\t\t\t\t\t<\/div>\n\t\t\t\t<\/div>\n\t\t\t\t<\/div>\n\t\t\t\t<\/div>\n\t\t<div class=\"elementor-element elementor-element-4a9cd723 e-con-full e-flex e-con e-child\" data-id=\"4a9cd723\" data-element_type=\"container\">\n\t\t<div class=\"elementor-element elementor-element-4172b5af e-con-full e-flex elementor-invisible e-con e-child\" data-id=\"4172b5af\" data-element_type=\"container\" data-settings=\"{&quot;background_background&quot;:&quot;classic&quot;,&quot;animation&quot;:&quot;fadeIn&quot;}\">\n\t\t\t\t<\/div>\n\t\t<div class=\"elementor-element elementor-element-563ce5e0 e-con-full e-flex elementor-invisible e-con e-child\" data-id=\"563ce5e0\" data-element_type=\"container\" data-settings=\"{&quot;animation&quot;:&quot;fadeIn&quot;}\">\n\t\t\t\t<div class=\"elementor-element elementor-element-756f131e elementor-widget elementor-widget-heading\" data-id=\"756f131e\" data-element_type=\"widget\" data-widget_type=\"heading.default\">\n\t\t\t\t<div class=\"elementor-widget-container\">\n\t\t\t\t\t<h2 class=\"elementor-heading-title elementor-size-default\">Drone shots<\/h2>\t\t\t\t<\/div>\n\t\t\t\t<\/div>\n\t\t\t\t<div class=\"elementor-element elementor-element-6fdff5b elementor-widget-divider--view-line elementor-widget elementor-widget-divider\" data-id=\"6fdff5b\" data-element_type=\"widget\" data-widget_type=\"divider.default\">\n\t\t\t\t<div class=\"elementor-widget-container\">\n\t\t\t\t\t\t\t<div class=\"elementor-divider\">\n\t\t\t<span class=\"elementor-divider-separator\">\n\t\t\t\t\t\t<\/span>\n\t\t<\/div>\n\t\t\t\t\t\t<\/div>\n\t\t\t\t<\/div>\n\t\t\t\t<div class=\"elementor-element elementor-element-130cb5b5 elementor-widget elementor-widget-text-editor\" data-id=\"130cb5b5\" data-element_type=\"widget\" data-widget_type=\"text-editor.default\">\n\t\t\t\t<div class=\"elementor-widget-container\">\n\t\t\t\t\t\t\t\t\t<p>Drone videos for other projects.<\/p>\t\t\t\t\t\t\t\t<\/div>\n\t\t\t\t<\/div>\n\t\t\t\t<\/div>\n\t\t\t\t<\/div>\n\t\t<div class=\"elementor-element elementor-element-527f3161 e-con-full e-flex e-con e-child\" data-id=\"527f3161\" data-element_type=\"container\">\n\t\t<div class=\"elementor-element elementor-element-3af31d1c e-con-full e-flex elementor-invisible e-con e-child\" data-id=\"3af31d1c\" data-element_type=\"container\" data-settings=\"{&quot;background_background&quot;:&quot;classic&quot;,&quot;animation&quot;:&quot;fadeIn&quot;}\">\n\t\t\t\t<\/div>\n\t\t<div class=\"elementor-element elementor-element-2793d952 e-con-full e-flex elementor-invisible e-con e-child\" data-id=\"2793d952\" data-element_type=\"container\" data-settings=\"{&quot;animation&quot;:&quot;fadeIn&quot;}\">\n\t\t\t\t<div class=\"elementor-element elementor-element-70b46773 elementor-widget elementor-widget-heading\" data-id=\"70b46773\" data-element_type=\"widget\" data-widget_type=\"heading.default\">\n\t\t\t\t<div class=\"elementor-widget-container\">\n\t\t\t\t\t<h2 class=\"elementor-heading-title elementor-size-default\">Live-streaming<\/h2>\t\t\t\t<\/div>\n\t\t\t\t<\/div>\n\t\t\t\t<div class=\"elementor-element elementor-element-342d3419 elementor-widget-divider--view-line elementor-widget elementor-widget-divider\" data-id=\"342d3419\" data-element_type=\"widget\" data-widget_type=\"divider.default\">\n\t\t\t\t<div class=\"elementor-widget-container\">\n\t\t\t\t\t\t\t<div class=\"elementor-divider\">\n\t\t\t<span class=\"elementor-divider-separator\">\n\t\t\t\t\t\t<\/span>\n\t\t<\/div>\n\t\t\t\t\t\t<\/div>\n\t\t\t\t<\/div>\n\t\t\t\t<div class=\"elementor-element elementor-element-58ece96a elementor-widget elementor-widget-text-editor\" data-id=\"58ece96a\" data-element_type=\"widget\" data-widget_type=\"text-editor.default\">\n\t\t\t\t<div class=\"elementor-widget-container\">\n\t\t\t\t\t\t\t\t\t<p>Live coverage of events from the air.<\/p>\t\t\t\t\t\t\t\t<\/div>\n\t\t\t\t<\/div>\n\t\t\t\t<\/div>\n\t\t\t\t<\/div>\n\t\t<div class=\"elementor-element elementor-element-225a89b7 e-con-full e-flex e-con e-child\" data-id=\"225a89b7\" data-element_type=\"container\">\n\t\t<div class=\"elementor-element elementor-element-57d6684f e-con-full e-flex elementor-invisible e-con e-child\" data-id=\"57d6684f\" data-element_type=\"container\" data-settings=\"{&quot;background_background&quot;:&quot;classic&quot;,&quot;animation&quot;:&quot;fadeIn&quot;}\">\n\t\t\t\t<\/div>\n\t\t<div class=\"elementor-element elementor-element-328b7604 e-con-full e-flex elementor-invisible e-con e-child\" data-id=\"328b7604\" data-element_type=\"container\" data-settings=\"{&quot;animation&quot;:&quot;fadeIn&quot;}\">\n\t\t\t\t<div class=\"elementor-element elementor-element-308e302f elementor-widget elementor-widget-heading\" data-id=\"308e302f\" data-element_type=\"widget\" data-widget_type=\"heading.default\">\n\t\t\t\t<div class=\"elementor-widget-container\">\n\t\t\t\t\t<h2 class=\"elementor-heading-title elementor-size-default\">Other<\/h2>\t\t\t\t<\/div>\n\t\t\t\t<\/div>\n\t\t\t\t<div class=\"elementor-element elementor-element-1777d4ea elementor-widget-divider--view-line elementor-widget elementor-widget-divider\" data-id=\"1777d4ea\" data-element_type=\"widget\" data-widget_type=\"divider.default\">\n\t\t\t\t<div class=\"elementor-widget-container\">\n\t\t\t\t\t\t\t<div class=\"elementor-divider\">\n\t\t\t<span class=\"elementor-divider-separator\">\n\t\t\t\t\t\t<\/span>\n\t\t<\/div>\n\t\t\t\t\t\t<\/div>\n\t\t\t\t<\/div>\n\t\t\t\t<div class=\"elementor-element elementor-element-76a40580 elementor-widget elementor-widget-text-editor\" data-id=\"76a40580\" data-element_type=\"widget\" data-widget_type=\"text-editor.default\">\n\t\t\t\t<div class=\"elementor-widget-container\">\n\t\t\t\t\t\t\t\t\t<p>Everything is possible with drones.<\/p><p>We are happy to help your unique visions come to life.<\/p>\t\t\t\t\t\t\t\t<\/div>\n\t\t\t\t<\/div>\n\t\t\t\t<\/div>\n\t\t\t\t<\/div>\n\t\t\t\t\t<\/div>\n\t\t\t\t<\/div>\n\t\t<div class=\"elementor-element elementor-element-b7e4f93 e-flex e-con-boxed e-con e-parent\" data-id=\"b7e4f93\" data-element_type=\"container\" data-settings=\"{&quot;background_background&quot;:&quot;classic&quot;}\">\n\t\t\t\t\t<div class=\"e-con-inner\">\n\t\t<div class=\"elementor-element elementor-element-394d2db e-con-full e-flex e-con e-child\" data-id=\"394d2db\" data-element_type=\"container\">\n\t\t<div class=\"elementor-element elementor-element-2baeff4 e-con-full e-flex elementor-invisible e-con e-child\" data-id=\"2baeff4\" data-element_type=\"container\" data-settings=\"{&quot;background_background&quot;:&quot;classic&quot;,&quot;animation&quot;:&quot;fadeIn&quot;}\">\n\t\t\t\t<\/div>\n\t\t<div class=\"elementor-element elementor-element-9131d30 e-con-full e-flex elementor-invisible e-con e-child\" data-id=\"9131d30\" data-element_type=\"container\" data-settings=\"{&quot;animation&quot;:&quot;fadeIn&quot;}\">\n\t\t\t\t<div class=\"elementor-element elementor-element-d852a6c elementor-widget elementor-widget-heading\" data-id=\"d852a6c\" data-element_type=\"widget\" data-widget_type=\"heading.default\">\n\t\t\t\t<div class=\"elementor-widget-container\">\n\t\t\t\t\t<h2 class=\"elementor-heading-title elementor-size-default\"><a href=\"https:\/\/iqhdrones.com\/en\/ingatlanfotozas\/\">Real-Estate photography<\/a><\/h2>\t\t\t\t<\/div>\n\t\t\t\t<\/div>\n\t\t\t\t<div class=\"elementor-element elementor-element-836d4b9 elementor-widget-divider--view-line elementor-widget elementor-widget-divider\" data-id=\"836d4b9\" data-element_type=\"widget\" data-widget_type=\"divider.default\">\n\t\t\t\t<div class=\"elementor-widget-container\">\n\t\t\t\t\t\t\t<div class=\"elementor-divider\">\n\t\t\t<span class=\"elementor-divider-separator\">\n\t\t\t\t\t\t<\/span>\n\t\t<\/div>\n\t\t\t\t\t\t<\/div>\n\t\t\t\t<\/div>\n\t\t\t\t<div class=\"elementor-element elementor-element-db9a9f0 elementor-widget elementor-widget-text-editor\" data-id=\"db9a9f0\" data-element_type=\"widget\" data-widget_type=\"text-editor.default\">\n\t\t\t\t<div class=\"elementor-widget-container\">\n\t\t\t\t\t\t\t\t\t<p>Show your property at its best \u2013 sell faster, for the best price.<\/p>\t\t\t\t\t\t\t\t<\/div>\n\t\t\t\t<\/div>\n\t\t\t\t<\/div>\n\t\t\t\t<\/div>\n\t\t\t\t\t<\/div>\n\t\t\t\t<\/div>\n\t\t<div class=\"elementor-element elementor-element-dbab525 e-con-full e-flex e-con e-child\" data-id=\"dbab525\" data-element_type=\"container\" data-settings=\"{&quot;animation&quot;:&quot;none&quot;,&quot;background_background&quot;:&quot;classic&quot;}\">\n\t\t\t\t<div class=\"elementor-element elementor-element-e815595 elementor-invisible elementor-widget elementor-widget-heading\" data-id=\"e815595\" data-element_type=\"widget\" data-settings=\"{&quot;_animation&quot;:&quot;fadeIn&quot;}\" data-widget_type=\"heading.default\">\n\t\t\t\t<div class=\"elementor-widget-container\">\n\t\t\t\t\t<h2 class=\"elementor-heading-title elementor-size-default\">If something caught your attention, please contact us! We'll help make your visions come to life!<\/h2>\t\t\t\t<\/div>\n\t\t\t\t<\/div>\n\t\t\t\t<div class=\"elementor-element elementor-element-2f3e7e3 elementor-align-center elementor-widget__width-auto elementor-invisible elementor-widget elementor-widget-button\" data-id=\"2f3e7e3\" data-element_type=\"widget\" data-settings=\"{&quot;_animation&quot;:&quot;fadeIn&quot;}\" data-widget_type=\"button.default\">\n\t\t\t\t<div class=\"elementor-widget-container\">\n\t\t\t\t\t\t\t\t\t<div class=\"elementor-button-wrapper\">\n\t\t\t\t\t<a class=\"elementor-button elementor-button-link elementor-size-sm\" href=\"https:\/\/iqhdrones.com\/en\/kapcsolat\/\">\n\t\t\t\t\t\t<span class=\"elementor-button-content-wrapper\">\n\t\t\t\t\t\t<span class=\"elementor-button-icon\">\n\t\t\t\t<svg aria-hidden=\"true\" class=\"e-font-icon-svg e-far-comments\" viewbox=\"0 0 576 512\" xmlns=\"http:\/\/www.w3.org\/2000\/svg\"><path d=\"M532 386.2c27.5-27.1 44-61.1 44-98.2 0-80-76.5-146.1-176.2-157.9C368.3 72.5 294.3 32 208 32 93.1 32 0 103.6 0 192c0 37 16.5 71 44 98.2-15.3 30.7-37.3 54.5-37.7 54.9-6.3 6.7-8.1 16.5-4.4 25 3.6 8.5 12 14 21.2 14 53.5 0 96.7-20.2 125.2-38.8 9.2 2.1 18.7 3.7 28.4 4.9C208.1 407.6 281.8 448 368 448c20.8 0 40.8-2.4 59.8-6.8C456.3 459.7 499.4 480 553 480c9.2 0 17.5-5.5 21.2-14 3.6-8.5 1.9-18.3-4.4-25-.4-.3-22.5-24.1-37.8-54.8zm-392.8-92.3L122.1 305c-14.1 9.1-28.5 16.3-43.1 21.4 2.7-4.7 5.4-9.7 8-14.8l15.5-31.1L77.7 256C64.2 242.6 48 220.7 48 192c0-60.7 73.3-112 160-112s160 51.3 160 112-73.3 112-160 112c-16.5 0-33-1.9-49-5.6l-19.8-4.5zM498.3 352l-24.7 24.4 15.5 31.1c2.6 5.1 5.3 10.1 8 14.8-14.6-5.1-29-12.3-43.1-21.4l-17.1-11.1-19.9 4.6c-16 3.7-32.5 5.6-49 5.6-54 0-102.2-20.1-131.3-49.7C338 339.5 416 272.9 416 192c0-3.4-.4-6.7-.7-10C479.7 196.5 528 238.8 528 288c0 28.7-16.2 50.6-29.7 64z\"><\/path><\/svg>\t\t\t<\/span>\n\t\t\t\t\t\t\t\t\t<span class=\"elementor-button-text\">Contact<\/span>\n\t\t\t\t\t<\/span>\n\t\t\t\t\t<\/a>\n\t\t\t\t<\/div>\n\t\t\t\t\t\t\t\t<\/div>\n\t\t\t\t<\/div>\n\t\t\t\t<\/div>\n\t\t\t\t<\/div>","protected":false},"excerpt":{"rendered":"<p>Szolg\u00e1ltat\u00e1saink Legyen sz\u00f3 rekl\u00e1mfilmr\u0151l, vide\u00f3klippr\u0151l vagy j\u00e1t\u00e9kfilmr\u0151l, a dr\u00f3nfelv\u00e9telek sokat adnak hozz\u00e1 a v\u00e9geredm\u00e9nyhez.\u00a0 Komplett film Dr\u00f3nfelv\u00e9tel + ut\u00f3munka. (v\u00e1g\u00e1s, sz\u00ednez\u00e9s, hangeffektek stb.) Dr\u00f3nfelv\u00e9tel Dr\u00f3nfelv\u00e9tel m\u00e1s projektek sz\u00e1m\u00e1ra. Live-streaming Esem\u00e9nyek \u00e9l\u0151 k\u00f6zvet\u00edt\u00e9se a leveg\u0151b\u0151l. Egy\u00e9b Dr\u00f3nokkal b\u00e1rmi lehets\u00e9ges. \u00d6r\u00f6mmel seg\u00edt\u00fcnk megval\u00f3s\u00edtani egyedi elk\u00e9pzel\u00e9s\u00e9t. Ingatlanfot\u00f3z\u00e1s Seg\u00edt\u00fcnk, hogy az ingatlanod a lehet\u0151 leggyorsabban \u00e9s legjobb \u00e1ron tal\u00e1ljon [&hellip;]<\/p>","protected":false},"author":1,"featured_media":0,"parent":0,"menu_order":0,"comment_status":"closed","ping_status":"closed","template":"elementor_header_footer","meta":{"nf_dc_page":"","om_disable_all_campaigns":false,"_monsterinsights_skip_tracking":false,"_monsterinsights_sitenote_active":false,"_monsterinsights_sitenote_note":"","_monsterinsights_sitenote_category":0,"_uf_show_specific_survey":0,"_uf_disable_surveys":false,"footnotes":""},"class_list":["post-19","page","type-page","status-publish","hentry"],"aioseo_notices":[],"yoast_head":"<!-- This site is optimized with the Yoast SEO plugin v27.2 - https:\/\/yoast.com\/product\/yoast-seo-wordpress\/ -->\n<title>Szolg\u00e1ltat\u00e1saink - IQH Drones<\/title>\n<meta name=\"robots\" content=\"index, follow, max-snippet:-1, max-image-preview:large, max-video-preview:-1\" \/>\n<link rel=\"canonical\" href=\"https:\/\/iqhdrones.com\/en\/szolgaltatasaink\/\" \/>\n<meta property=\"og:locale\" content=\"en_GB\" \/>\n<meta property=\"og:type\" content=\"article\" \/>\n<meta property=\"og:title\" content=\"Szolg\u00e1ltat\u00e1saink - IQH Drones\" \/>\n<meta property=\"og:description\" content=\"Szolg\u00e1ltat\u00e1saink Legyen sz\u00f3 rekl\u00e1mfilmr\u0151l, vide\u00f3klippr\u0151l vagy j\u00e1t\u00e9kfilmr\u0151l, a dr\u00f3nfelv\u00e9telek sokat adnak hozz\u00e1 a v\u00e9geredm\u00e9nyhez.\u00a0 Komplett film Dr\u00f3nfelv\u00e9tel + ut\u00f3munka. (v\u00e1g\u00e1s, sz\u00ednez\u00e9s, hangeffektek stb.) Dr\u00f3nfelv\u00e9tel Dr\u00f3nfelv\u00e9tel m\u00e1s projektek sz\u00e1m\u00e1ra. Live-streaming Esem\u00e9nyek \u00e9l\u0151 k\u00f6zvet\u00edt\u00e9se a leveg\u0151b\u0151l. Egy\u00e9b Dr\u00f3nokkal b\u00e1rmi lehets\u00e9ges. \u00d6r\u00f6mmel seg\u00edt\u00fcnk megval\u00f3s\u00edtani egyedi elk\u00e9pzel\u00e9s\u00e9t. Ingatlanfot\u00f3z\u00e1s Seg\u00edt\u00fcnk, hogy az ingatlanod a lehet\u0151 leggyorsabban \u00e9s legjobb \u00e1ron tal\u00e1ljon [&hellip;]\" \/>\n<meta property=\"og:url\" content=\"https:\/\/iqhdrones.com\/en\/szolgaltatasaink\/\" \/>\n<meta property=\"og:site_name\" content=\"IQH Drones\" \/>\n<meta property=\"article:modified_time\" content=\"2026-02-23T10:33:33+00:00\" \/>\n<meta name=\"twitter:card\" content=\"summary_large_image\" \/>\n<meta name=\"twitter:label1\" content=\"Estimated reading time\" \/>\n\t<meta name=\"twitter:data1\" content=\"1 minute\" \/>\n<script type=\"application\/ld+json\" class=\"yoast-schema-graph\">{\"@context\":\"https:\/\/schema.org\",\"@graph\":[{\"@type\":\"WebPage\",\"@id\":\"https:\/\/iqhdrones.com\/szolgaltatasaink\/\",\"url\":\"https:\/\/iqhdrones.com\/szolgaltatasaink\/\",\"name\":\"Szolg\u00e1ltat\u00e1saink - IQH Drones\",\"isPartOf\":{\"@id\":\"https:\/\/iqhdrones.com\/#website\"},\"datePublished\":\"2024-06-16T19:19:28+00:00\",\"dateModified\":\"2026-02-23T10:33:33+00:00\",\"breadcrumb\":{\"@id\":\"https:\/\/iqhdrones.com\/szolgaltatasaink\/#breadcrumb\"},\"inLanguage\":\"en-GB\",\"potentialAction\":[{\"@type\":\"ReadAction\",\"target\":[\"https:\/\/iqhdrones.com\/szolgaltatasaink\/\"]}]},{\"@type\":\"BreadcrumbList\",\"@id\":\"https:\/\/iqhdrones.com\/szolgaltatasaink\/#breadcrumb\",\"itemListElement\":[{\"@type\":\"ListItem\",\"position\":1,\"name\":\"Home\",\"item\":\"https:\/\/iqhdrones.com\/\"},{\"@type\":\"ListItem\",\"position\":2,\"name\":\"Szolg\u00e1ltat\u00e1saink\"}]},{\"@type\":\"WebSite\",\"@id\":\"https:\/\/iqhdrones.com\/#website\",\"url\":\"https:\/\/iqhdrones.com\/\",\"name\":\"IQH Drones\",\"description\":\"Vide\u00f3z\u00e1s FPV dr\u00f3nokkal.\",\"publisher\":{\"@id\":\"https:\/\/iqhdrones.com\/#organization\"},\"potentialAction\":[{\"@type\":\"SearchAction\",\"target\":{\"@type\":\"EntryPoint\",\"urlTemplate\":\"https:\/\/iqhdrones.com\/?s={search_term_string}\"},\"query-input\":{\"@type\":\"PropertyValueSpecification\",\"valueRequired\":true,\"valueName\":\"search_term_string\"}}],\"inLanguage\":\"en-GB\"},{\"@type\":\"Organization\",\"@id\":\"https:\/\/iqhdrones.com\/#organization\",\"name\":\"IQH Drones\",\"url\":\"https:\/\/iqhdrones.com\/\",\"logo\":{\"@type\":\"ImageObject\",\"inLanguage\":\"en-GB\",\"@id\":\"https:\/\/iqhdrones.com\/#\/schema\/logo\/image\/\",\"url\":\"https:\/\/i0.wp.com\/iqhdrones.com\/wp-content\/uploads\/2024\/06\/IQH_logo_vegleges-kek.png?fit=1261%2C537&ssl=1\",\"contentUrl\":\"https:\/\/i0.wp.com\/iqhdrones.com\/wp-content\/uploads\/2024\/06\/IQH_logo_vegleges-kek.png?fit=1261%2C537&ssl=1\",\"width\":1261,\"height\":537,\"caption\":\"IQH Drones\"},\"image\":{\"@id\":\"https:\/\/iqhdrones.com\/#\/schema\/logo\/image\/\"}}]}<\/script>\n<!-- \/ Yoast SEO plugin. -->","yoast_head_json":{"title":"Szolg\u00e1ltat\u00e1saink - IQH Drones","robots":{"index":"index","follow":"follow","max-snippet":"max-snippet:-1","max-image-preview":"max-image-preview:large","max-video-preview":"max-video-preview:-1"},"canonical":"https:\/\/iqhdrones.com\/en\/szolgaltatasaink\/","og_locale":"en_GB","og_type":"article","og_title":"Szolg\u00e1ltat\u00e1saink - IQH Drones","og_description":"Szolg\u00e1ltat\u00e1saink Legyen sz\u00f3 rekl\u00e1mfilmr\u0151l, vide\u00f3klippr\u0151l vagy j\u00e1t\u00e9kfilmr\u0151l, a dr\u00f3nfelv\u00e9telek sokat adnak hozz\u00e1 a v\u00e9geredm\u00e9nyhez.\u00a0 Komplett film Dr\u00f3nfelv\u00e9tel + ut\u00f3munka. (v\u00e1g\u00e1s, sz\u00ednez\u00e9s, hangeffektek stb.) Dr\u00f3nfelv\u00e9tel Dr\u00f3nfelv\u00e9tel m\u00e1s projektek sz\u00e1m\u00e1ra. Live-streaming Esem\u00e9nyek \u00e9l\u0151 k\u00f6zvet\u00edt\u00e9se a leveg\u0151b\u0151l. Egy\u00e9b Dr\u00f3nokkal b\u00e1rmi lehets\u00e9ges. \u00d6r\u00f6mmel seg\u00edt\u00fcnk megval\u00f3s\u00edtani egyedi elk\u00e9pzel\u00e9s\u00e9t. Ingatlanfot\u00f3z\u00e1s Seg\u00edt\u00fcnk, hogy az ingatlanod a lehet\u0151 leggyorsabban \u00e9s legjobb \u00e1ron tal\u00e1ljon [&hellip;]","og_url":"https:\/\/iqhdrones.com\/en\/szolgaltatasaink\/","og_site_name":"IQH Drones","article_modified_time":"2026-02-23T10:33:33+00:00","twitter_card":"summary_large_image","twitter_misc":{"Estimated reading time":"1 minute"},"schema":{"@context":"https:\/\/schema.org","@graph":[{"@type":"WebPage","@id":"https:\/\/iqhdrones.com\/szolgaltatasaink\/","url":"https:\/\/iqhdrones.com\/szolgaltatasaink\/","name":"Szolg\u00e1ltat\u00e1saink - IQH Drones","isPartOf":{"@id":"https:\/\/iqhdrones.com\/#website"},"datePublished":"2024-06-16T19:19:28+00:00","dateModified":"2026-02-23T10:33:33+00:00","breadcrumb":{"@id":"https:\/\/iqhdrones.com\/szolgaltatasaink\/#breadcrumb"},"inLanguage":"en-GB","potentialAction":[{"@type":"ReadAction","target":["https:\/\/iqhdrones.com\/szolgaltatasaink\/"]}]},{"@type":"BreadcrumbList","@id":"https:\/\/iqhdrones.com\/szolgaltatasaink\/#breadcrumb","itemListElement":[{"@type":"ListItem","position":1,"name":"Home","item":"https:\/\/iqhdrones.com\/"},{"@type":"ListItem","position":2,"name":"Szolg\u00e1ltat\u00e1saink"}]},{"@type":"WebSite","@id":"https:\/\/iqhdrones.com\/#website","url":"https:\/\/iqhdrones.com\/","name":"IQH Drones","description":"Vide\u00f3z\u00e1s FPV dr\u00f3nokkal.","publisher":{"@id":"https:\/\/iqhdrones.com\/#organization"},"potentialAction":[{"@type":"SearchAction","target":{"@type":"EntryPoint","urlTemplate":"https:\/\/iqhdrones.com\/?s={search_term_string}"},"query-input":{"@type":"PropertyValueSpecification","valueRequired":true,"valueName":"search_term_string"}}],"inLanguage":"en-GB"},{"@type":"Organization","@id":"https:\/\/iqhdrones.com\/#organization","name":"IQH Drones","url":"https:\/\/iqhdrones.com\/","logo":{"@type":"ImageObject","inLanguage":"en-GB","@id":"https:\/\/iqhdrones.com\/#\/schema\/logo\/image\/","url":"https:\/\/i0.wp.com\/iqhdrones.com\/wp-content\/uploads\/2024\/06\/IQH_logo_vegleges-kek.png?fit=1261%2C537&ssl=1","contentUrl":"https:\/\/i0.wp.com\/iqhdrones.com\/wp-content\/uploads\/2024\/06\/IQH_logo_vegleges-kek.png?fit=1261%2C537&ssl=1","width":1261,"height":537,"caption":"IQH Drones"},"image":{"@id":"https:\/\/iqhdrones.com\/#\/schema\/logo\/image\/"}}]}},"jetpack_sharing_enabled":true,"_links":{"self":[{"href":"https:\/\/iqhdrones.com\/en\/wp-json\/wp\/v2\/pages\/19","targetHints":{"allow":["GET"]}}],"collection":[{"href":"https:\/\/iqhdrones.com\/en\/wp-json\/wp\/v2\/pages"}],"about":[{"href":"https:\/\/iqhdrones.com\/en\/wp-json\/wp\/v2\/types\/page"}],"author":[{"embeddable":true,"href":"https:\/\/iqhdrones.com\/en\/wp-json\/wp\/v2\/users\/1"}],"replies":[{"embeddable":true,"href":"https:\/\/iqhdrones.com\/en\/wp-json\/wp\/v2\/comments?post=19"}],"version-history":[{"count":17,"href":"https:\/\/iqhdrones.com\/en\/wp-json\/wp\/v2\/pages\/19\/revisions"}],"predecessor-version":[{"id":1825,"href":"https:\/\/iqhdrones.com\/en\/wp-json\/wp\/v2\/pages\/19\/revisions\/1825"}],"wp:attachment":[{"href":"https:\/\/iqhdrones.com\/en\/wp-json\/wp\/v2\/media?parent=19"}],"curies":[{"name":"wp","href":"https:\/\/api.w.org\/{rel}","templated":true}]}}