{"id":145,"date":"2024-06-17T12:43:29","date_gmt":"2024-06-17T10:43:29","guid":{"rendered":"https:\/\/iqhdrones.com\/?page_id=145"},"modified":"2024-07-10T00:28:17","modified_gmt":"2024-07-09T22:28:17","slug":"dronok","status":"publish","type":"page","link":"https:\/\/iqhdrones.com\/en\/dronok\/","title":{"rendered":"Drones"},"content":{"rendered":"<div data-elementor-type=\"wp-page\" data-elementor-id=\"145\" class=\"elementor elementor-145\">\n\t\t\t\t<div class=\"elementor-element elementor-element-ad2b933 e-flex e-con-boxed e-con e-parent\" data-id=\"ad2b933\" data-element_type=\"container\" data-settings=\"{&quot;background_background&quot;:&quot;classic&quot;}\">\n\t\t\t\t\t<div class=\"e-con-inner\">\n\t\t<div class=\"elementor-element elementor-element-0902051 e-con-full e-flex e-con e-child\" data-id=\"0902051\" data-element_type=\"container\">\n\t\t\t\t<div class=\"elementor-element elementor-element-7cec17b elementor-invisible elementor-widget elementor-widget-heading\" data-id=\"7cec17b\" data-element_type=\"widget\" data-settings=\"{&quot;_animation&quot;:&quot;fadeIn&quot;}\" data-widget_type=\"heading.default\">\n\t\t\t\t<div class=\"elementor-widget-container\">\n\t\t\t\t\t<h1 class=\"elementor-heading-title elementor-size-default\">The drones we are working with<\/h1>\t\t\t\t<\/div>\n\t\t\t\t<\/div>\n\t\t\t\t<\/div>\n\t\t\t\t\t<\/div>\n\t\t\t\t<\/div>\n\t\t<div class=\"elementor-element elementor-element-5db15aa e-flex e-con-boxed e-con e-parent\" data-id=\"5db15aa\" data-element_type=\"container\" data-settings=\"{&quot;background_background&quot;:&quot;classic&quot;}\">\n\t\t\t\t\t<div class=\"e-con-inner\">\n\t\t<div class=\"elementor-element elementor-element-29e1457 e-con-full e-flex e-con e-child\" data-id=\"29e1457\" data-element_type=\"container\">\n\t\t<div class=\"elementor-element elementor-element-d782d54 e-con-full e-flex elementor-invisible e-con e-child\" data-id=\"d782d54\" data-element_type=\"container\" data-settings=\"{&quot;background_background&quot;:&quot;classic&quot;,&quot;animation&quot;:&quot;fadeIn&quot;}\">\n\t\t\t\t<\/div>\n\t\t<div class=\"elementor-element elementor-element-c752c47 e-con-full e-flex elementor-invisible e-con e-child\" data-id=\"c752c47\" data-element_type=\"container\" data-settings=\"{&quot;animation&quot;:&quot;fadeIn&quot;}\">\n\t\t\t\t<div class=\"elementor-element elementor-element-99b3c11 elementor-widget elementor-widget-heading\" data-id=\"99b3c11\" data-element_type=\"widget\" data-widget_type=\"heading.default\">\n\t\t\t\t<div class=\"elementor-widget-container\">\n\t\t\t\t\t<h2 class=\"elementor-heading-title elementor-size-default\">Cinematic 5\" + GoPro<\/h2>\t\t\t\t<\/div>\n\t\t\t\t<\/div>\n\t\t\t\t<div class=\"elementor-element elementor-element-032cacb elementor-widget-divider--view-line elementor-widget elementor-widget-divider\" data-id=\"032cacb\" data-element_type=\"widget\" data-widget_type=\"divider.default\">\n\t\t\t\t<div class=\"elementor-widget-container\">\n\t\t\t\t\t\t\t<div class=\"elementor-divider\">\n\t\t\t<span class=\"elementor-divider-separator\">\n\t\t\t\t\t\t<\/span>\n\t\t<\/div>\n\t\t\t\t\t\t<\/div>\n\t\t\t\t<\/div>\n\t\t\t\t<div class=\"elementor-element elementor-element-9b56520 elementor-widget elementor-widget-text-editor\" data-id=\"9b56520\" data-element_type=\"widget\" data-widget_type=\"text-editor.default\">\n\t\t\t\t<div class=\"elementor-widget-container\">\n\t\t\t\t\t\t\t\t\t<p>It is the most widely used, most versatile model.<\/p><p>We also have a waterproof version.<\/p>\t\t\t\t\t\t\t\t<\/div>\n\t\t\t\t<\/div>\n\t\t\t\t<\/div>\n\t\t\t\t<\/div>\n\t\t<div class=\"elementor-element elementor-element-ad0da46 e-con-full e-flex e-con e-child\" data-id=\"ad0da46\" data-element_type=\"container\">\n\t\t<div class=\"elementor-element elementor-element-284c663 e-con-full e-flex elementor-invisible e-con e-child\" data-id=\"284c663\" data-element_type=\"container\" data-settings=\"{&quot;background_background&quot;:&quot;classic&quot;,&quot;animation&quot;:&quot;fadeIn&quot;}\">\n\t\t\t\t<\/div>\n\t\t<div class=\"elementor-element elementor-element-d7876ea e-con-full e-flex elementor-invisible e-con e-child\" data-id=\"d7876ea\" data-element_type=\"container\" data-settings=\"{&quot;animation&quot;:&quot;fadeIn&quot;}\">\n\t\t\t\t<div class=\"elementor-element elementor-element-0b45ade elementor-widget elementor-widget-heading\" data-id=\"0b45ade\" data-element_type=\"widget\" data-widget_type=\"heading.default\">\n\t\t\t\t<div class=\"elementor-widget-container\">\n\t\t\t\t\t<h2 class=\"elementor-heading-title elementor-size-default\">2.5\" cinewhoop + naked GoPro<\/h2>\t\t\t\t<\/div>\n\t\t\t\t<\/div>\n\t\t\t\t<div class=\"elementor-element elementor-element-0b9767a elementor-widget-divider--view-line elementor-widget elementor-widget-divider\" data-id=\"0b9767a\" data-element_type=\"widget\" data-widget_type=\"divider.default\">\n\t\t\t\t<div class=\"elementor-widget-container\">\n\t\t\t\t\t\t\t<div class=\"elementor-divider\">\n\t\t\t<span class=\"elementor-divider-separator\">\n\t\t\t\t\t\t<\/span>\n\t\t<\/div>\n\t\t\t\t\t\t<\/div>\n\t\t\t\t<\/div>\n\t\t\t\t<div class=\"elementor-element elementor-element-fa527df elementor-widget elementor-widget-text-editor\" data-id=\"fa527df\" data-element_type=\"widget\" data-widget_type=\"text-editor.default\">\n\t\t\t\t<div class=\"elementor-widget-container\">\n\t\t\t\t\t\t\t\t\t<p>Its small size makes it the perfect choice for indoor shooting or flying close to people.<\/p>\t\t\t\t\t\t\t\t<\/div>\n\t\t\t\t<\/div>\n\t\t\t\t<\/div>\n\t\t\t\t<\/div>\n\t\t<div class=\"elementor-element elementor-element-30f3f18 e-con-full e-flex e-con e-child\" data-id=\"30f3f18\" data-element_type=\"container\">\n\t\t<div class=\"elementor-element elementor-element-5dbbf92 e-con-full e-flex elementor-invisible e-con e-child\" data-id=\"5dbbf92\" data-element_type=\"container\" data-settings=\"{&quot;background_background&quot;:&quot;classic&quot;,&quot;animation&quot;:&quot;fadeIn&quot;}\">\n\t\t\t\t<\/div>\n\t\t<div class=\"elementor-element elementor-element-9518c5f e-con-full e-flex elementor-invisible e-con e-child\" data-id=\"9518c5f\" data-element_type=\"container\" data-settings=\"{&quot;animation&quot;:&quot;fadeIn&quot;}\">\n\t\t\t\t<div class=\"elementor-element elementor-element-786c416 elementor-widget elementor-widget-heading\" data-id=\"786c416\" data-element_type=\"widget\" data-widget_type=\"heading.default\">\n\t\t\t\t<div class=\"elementor-widget-container\">\n\t\t\t\t\t<h2 class=\"elementor-heading-title elementor-size-default\">Mavic<\/h2>\t\t\t\t<\/div>\n\t\t\t\t<\/div>\n\t\t\t\t<div class=\"elementor-element elementor-element-584e556 elementor-widget-divider--view-line elementor-widget elementor-widget-divider\" data-id=\"584e556\" data-element_type=\"widget\" data-widget_type=\"divider.default\">\n\t\t\t\t<div class=\"elementor-widget-container\">\n\t\t\t\t\t\t\t<div class=\"elementor-divider\">\n\t\t\t<span class=\"elementor-divider-separator\">\n\t\t\t\t\t\t<\/span>\n\t\t<\/div>\n\t\t\t\t\t\t<\/div>\n\t\t\t\t<\/div>\n\t\t\t\t<div class=\"elementor-element elementor-element-a5c1730 elementor-widget elementor-widget-text-editor\" data-id=\"a5c1730\" data-element_type=\"widget\" data-widget_type=\"text-editor.default\">\n\t\t\t\t<div class=\"elementor-widget-container\">\n\t\t\t\t\t\t\t\t\t<p>For stable filming with little movement.<\/p>\t\t\t\t\t\t\t\t<\/div>\n\t\t\t\t<\/div>\n\t\t\t\t<\/div>\n\t\t\t\t<\/div>\n\t\t<div class=\"elementor-element elementor-element-4b79c56 e-con-full e-flex e-con e-child\" data-id=\"4b79c56\" data-element_type=\"container\">\n\t\t<div class=\"elementor-element elementor-element-4c55d94 e-con-full e-flex elementor-invisible e-con e-child\" data-id=\"4c55d94\" data-element_type=\"container\" data-settings=\"{&quot;background_background&quot;:&quot;classic&quot;,&quot;animation&quot;:&quot;fadeIn&quot;}\">\n\t\t\t\t<\/div>\n\t\t<div class=\"elementor-element elementor-element-27b4ca4 e-con-full e-flex elementor-invisible e-con e-child\" data-id=\"27b4ca4\" data-element_type=\"container\" data-settings=\"{&quot;animation&quot;:&quot;fadeIn&quot;}\">\n\t\t\t\t<div class=\"elementor-element elementor-element-c32b8d5 elementor-widget elementor-widget-heading\" data-id=\"c32b8d5\" data-element_type=\"widget\" data-widget_type=\"heading.default\">\n\t\t\t\t<div class=\"elementor-widget-container\">\n\t\t\t\t\t<h2 class=\"elementor-heading-title elementor-size-default\">Cinelifter<\/h2>\t\t\t\t<\/div>\n\t\t\t\t<\/div>\n\t\t\t\t<div class=\"elementor-element elementor-element-58e7617 elementor-widget-divider--view-line elementor-widget elementor-widget-divider\" data-id=\"58e7617\" data-element_type=\"widget\" data-widget_type=\"divider.default\">\n\t\t\t\t<div class=\"elementor-widget-container\">\n\t\t\t\t\t\t\t<div class=\"elementor-divider\">\n\t\t\t<span class=\"elementor-divider-separator\">\n\t\t\t\t\t\t<\/span>\n\t\t<\/div>\n\t\t\t\t\t\t<\/div>\n\t\t\t\t<\/div>\n\t\t\t\t<div class=\"elementor-element elementor-element-9cdec40 elementor-widget elementor-widget-text-editor\" data-id=\"9cdec40\" data-element_type=\"widget\" data-widget_type=\"text-editor.default\">\n\t\t\t\t<div class=\"elementor-widget-container\">\n\t\t\t\t\t\t\t\t\t<p>For large-scale projects, it can be used to lift a cinema camera into the air for maximum video quality.<\/p>\t\t\t\t\t\t\t\t<\/div>\n\t\t\t\t<\/div>\n\t\t\t\t<\/div>\n\t\t\t\t<\/div>\n\t\t\t\t\t<\/div>\n\t\t\t\t<\/div>\n\t\t<div class=\"elementor-element elementor-element-359726b e-flex e-con-boxed e-con e-parent\" data-id=\"359726b\" data-element_type=\"container\" data-settings=\"{&quot;background_background&quot;:&quot;classic&quot;}\">\n\t\t\t\t\t<div class=\"e-con-inner\">\n\t\t<div class=\"elementor-element elementor-element-77b9e04 e-con-full e-flex e-con e-child\" data-id=\"77b9e04\" data-element_type=\"container\">\n\t\t<div class=\"elementor-element elementor-element-9f1f39b e-con-full e-flex elementor-invisible e-con e-child\" data-id=\"9f1f39b\" data-element_type=\"container\" data-settings=\"{&quot;background_background&quot;:&quot;classic&quot;,&quot;animation&quot;:&quot;fadeIn&quot;}\">\n\t\t\t\t<\/div>\n\t\t<div class=\"elementor-element elementor-element-62653d1 e-con-full e-flex elementor-invisible e-con e-child\" data-id=\"62653d1\" data-element_type=\"container\" data-settings=\"{&quot;animation&quot;:&quot;fadeIn&quot;}\">\n\t\t\t\t<div class=\"elementor-element elementor-element-0cb691e elementor-widget elementor-widget-heading\" data-id=\"0cb691e\" data-element_type=\"widget\" data-widget_type=\"heading.default\">\n\t\t\t\t<div class=\"elementor-widget-container\">\n\t\t\t\t\t<h2 class=\"elementor-heading-title elementor-size-default\">Cinelifter + Gimball<\/h2>\t\t\t\t<\/div>\n\t\t\t\t<\/div>\n\t\t\t\t<div class=\"elementor-element elementor-element-999d15e elementor-widget-divider--view-line elementor-widget elementor-widget-divider\" data-id=\"999d15e\" data-element_type=\"widget\" data-widget_type=\"divider.default\">\n\t\t\t\t<div class=\"elementor-widget-container\">\n\t\t\t\t\t\t\t<div class=\"elementor-divider\">\n\t\t\t<span class=\"elementor-divider-separator\">\n\t\t\t\t\t\t<\/span>\n\t\t<\/div>\n\t\t\t\t\t\t<\/div>\n\t\t\t\t<\/div>\n\t\t\t\t<div class=\"elementor-element elementor-element-89c7263 elementor-widget elementor-widget-text-editor\" data-id=\"89c7263\" data-element_type=\"widget\" data-widget_type=\"text-editor.default\">\n\t\t\t\t<div class=\"elementor-widget-container\">\n\t\t\t\t\t\t\t\t\t<p>In case you wanted complex cuts. The gimbal is controlled independently of the drone.<\/p>\t\t\t\t\t\t\t\t<\/div>\n\t\t\t\t<\/div>\n\t\t\t\t<\/div>\n\t\t\t\t<\/div>\n\t\t<div class=\"elementor-element elementor-element-e0518fe e-con-full e-flex e-con e-child\" data-id=\"e0518fe\" data-element_type=\"container\">\n\t\t<div class=\"elementor-element elementor-element-0fe57ac e-con-full e-flex elementor-invisible e-con e-child\" data-id=\"0fe57ac\" data-element_type=\"container\" data-settings=\"{&quot;background_background&quot;:&quot;classic&quot;,&quot;animation&quot;:&quot;fadeIn&quot;}\">\n\t\t\t\t<\/div>\n\t\t<div class=\"elementor-element elementor-element-7fe8c32 e-con-full e-flex elementor-invisible e-con e-child\" data-id=\"7fe8c32\" data-element_type=\"container\" data-settings=\"{&quot;animation&quot;:&quot;fadeIn&quot;}\">\n\t\t\t\t<div class=\"elementor-element elementor-element-0dc5c2f elementor-widget elementor-widget-heading\" data-id=\"0dc5c2f\" data-element_type=\"widget\" data-widget_type=\"heading.default\">\n\t\t\t\t<div class=\"elementor-widget-container\">\n\t\t\t\t\t<h2 class=\"elementor-heading-title elementor-size-default\">Micro FPV<\/h2>\t\t\t\t<\/div>\n\t\t\t\t<\/div>\n\t\t\t\t<div class=\"elementor-element elementor-element-8fd671f elementor-widget-divider--view-line elementor-widget elementor-widget-divider\" data-id=\"8fd671f\" data-element_type=\"widget\" data-widget_type=\"divider.default\">\n\t\t\t\t<div class=\"elementor-widget-container\">\n\t\t\t\t\t\t\t<div class=\"elementor-divider\">\n\t\t\t<span class=\"elementor-divider-separator\">\n\t\t\t\t\t\t<\/span>\n\t\t<\/div>\n\t\t\t\t\t\t<\/div>\n\t\t\t\t<\/div>\n\t\t\t\t<div class=\"elementor-element elementor-element-d8293cb elementor-widget elementor-widget-text-editor\" data-id=\"d8293cb\" data-element_type=\"widget\" data-widget_type=\"text-editor.default\">\n\t\t\t\t<div class=\"elementor-widget-container\">\n\t\t\t\t\t\t\t\t\t<p>For special events where small size is everything, but you can't sacrifice 4K resolution.<\/p>\t\t\t\t\t\t\t\t<\/div>\n\t\t\t\t<\/div>\n\t\t\t\t<\/div>\n\t\t\t\t<\/div>\n\t\t<div class=\"elementor-element elementor-element-cd73273 e-con-full e-flex e-con e-child\" data-id=\"cd73273\" data-element_type=\"container\">\n\t\t<div class=\"elementor-element elementor-element-9822fd1 e-con-full e-flex elementor-invisible e-con e-child\" data-id=\"9822fd1\" data-element_type=\"container\" data-settings=\"{&quot;background_background&quot;:&quot;classic&quot;,&quot;animation&quot;:&quot;fadeIn&quot;}\">\n\t\t\t\t<\/div>\n\t\t<div class=\"elementor-element elementor-element-2c31aaf e-con-full e-flex elementor-invisible e-con e-child\" data-id=\"2c31aaf\" data-element_type=\"container\" data-settings=\"{&quot;animation&quot;:&quot;fadeIn&quot;}\">\n\t\t\t\t<div class=\"elementor-element elementor-element-9214744 elementor-widget elementor-widget-heading\" data-id=\"9214744\" data-element_type=\"widget\" data-widget_type=\"heading.default\">\n\t\t\t\t<div class=\"elementor-widget-container\">\n\t\t\t\t\t<h2 class=\"elementor-heading-title elementor-size-default\">360\u00b0FPV<\/h2>\t\t\t\t<\/div>\n\t\t\t\t<\/div>\n\t\t\t\t<div class=\"elementor-element elementor-element-d5654ed elementor-widget-divider--view-line elementor-widget elementor-widget-divider\" data-id=\"d5654ed\" data-element_type=\"widget\" data-widget_type=\"divider.default\">\n\t\t\t\t<div class=\"elementor-widget-container\">\n\t\t\t\t\t\t\t<div class=\"elementor-divider\">\n\t\t\t<span class=\"elementor-divider-separator\">\n\t\t\t\t\t\t<\/span>\n\t\t<\/div>\n\t\t\t\t\t\t<\/div>\n\t\t\t\t<\/div>\n\t\t\t\t<div class=\"elementor-element elementor-element-b6bd43e elementor-widget elementor-widget-text-editor\" data-id=\"b6bd43e\" data-element_type=\"widget\" data-widget_type=\"text-editor.default\">\n\t\t\t\t<div class=\"elementor-widget-container\">\n\t\t\t\t\t\t\t\t\t<p>Framing is adjustable in post-production, and the drone frame is not visible in the video.<\/p>\t\t\t\t\t\t\t\t<\/div>\n\t\t\t\t<\/div>\n\t\t\t\t<\/div>\n\t\t\t\t<\/div>\n\t\t<div class=\"elementor-element elementor-element-67d1bc0 e-con-full e-flex e-con e-child\" data-id=\"67d1bc0\" data-element_type=\"container\">\n\t\t<div class=\"elementor-element elementor-element-31442bc e-con-full e-flex elementor-invisible e-con e-child\" data-id=\"31442bc\" data-element_type=\"container\" data-settings=\"{&quot;background_background&quot;:&quot;classic&quot;,&quot;animation&quot;:&quot;fadeIn&quot;}\">\n\t\t\t\t<\/div>\n\t\t<div class=\"elementor-element elementor-element-483fa63 e-con-full e-flex elementor-invisible e-con e-child\" data-id=\"483fa63\" data-element_type=\"container\" data-settings=\"{&quot;animation&quot;:&quot;fadeIn&quot;}\">\n\t\t\t\t<div class=\"elementor-element elementor-element-f278771 elementor-widget elementor-widget-heading\" data-id=\"f278771\" data-element_type=\"widget\" data-widget_type=\"heading.default\">\n\t\t\t\t<div class=\"elementor-widget-container\">\n\t\t\t\t\t<h2 class=\"elementor-heading-title elementor-size-default\">Inspire<\/h2>\t\t\t\t<\/div>\n\t\t\t\t<\/div>\n\t\t\t\t<div class=\"elementor-element elementor-element-2bf3932 elementor-widget-divider--view-line elementor-widget elementor-widget-divider\" data-id=\"2bf3932\" data-element_type=\"widget\" data-widget_type=\"divider.default\">\n\t\t\t\t<div class=\"elementor-widget-container\">\n\t\t\t\t\t\t\t<div class=\"elementor-divider\">\n\t\t\t<span class=\"elementor-divider-separator\">\n\t\t\t\t\t\t<\/span>\n\t\t<\/div>\n\t\t\t\t\t\t<\/div>\n\t\t\t\t<\/div>\n\t\t\t\t<div class=\"elementor-element elementor-element-75a8dd5 elementor-widget elementor-widget-text-editor\" data-id=\"75a8dd5\" data-element_type=\"widget\" data-widget_type=\"text-editor.default\">\n\t\t\t\t<div class=\"elementor-widget-container\">\n\t\t\t\t\t\t\t\t\t<p>Cinema quality and stability, with separate control of the drone and its camera.<\/p>\t\t\t\t\t\t\t\t<\/div>\n\t\t\t\t<\/div>\n\t\t\t\t<\/div>\n\t\t\t\t<\/div>\n\t\t\t\t\t<\/div>\n\t\t\t\t<\/div>\n\t\t\t\t<\/div>","protected":false},"excerpt":{"rendered":"<p>Dr\u00f3nok, amikkel dolgozunk Cinematic 5&#8243; + GoPro Ez a legelterjedtebb, legsokoldal\u00fabb modell. V\u00edz\u00e1ll\u00f3 verzi\u00f3val is rendelkez\u00fcnk. 2.5&#8243; cinewhoop + naked GoPro Kis m\u00e9rete miatt optim\u00e1lis v\u00e1laszt\u00e1s belt\u00e9ri forgat\u00e1sokhoz, illetve emberekhez k\u00f6zel rep\u00fclni. Mavic Stabil, kev\u00e9s mozg\u00e1st ig\u00e9nyl\u0151 filmez\u00e9sre. Cinelifter Nagyszab\u00e1s\u00fa projektekhez, mozifilmes kamer\u00e1t lehet vele leveg\u0151be emelni a maxim\u00e1lis vide\u00f3min\u0151s\u00e9g\u00e9rt. Cinelifter + Gimball Arra az [&hellip;]<\/p>","protected":false},"author":1,"featured_media":0,"parent":0,"menu_order":0,"comment_status":"closed","ping_status":"closed","template":"","meta":{"nf_dc_page":"","om_disable_all_campaigns":false,"_monsterinsights_skip_tracking":false,"_monsterinsights_sitenote_active":false,"_monsterinsights_sitenote_note":"","_monsterinsights_sitenote_category":0,"_uf_show_specific_survey":0,"_uf_disable_surveys":false,"footnotes":""},"class_list":["post-145","page","type-page","status-publish","hentry"],"aioseo_notices":[],"yoast_head":"<!-- This site is optimized with the Yoast SEO plugin v27.2 - https:\/\/yoast.com\/product\/yoast-seo-wordpress\/ -->\n<title>Dr\u00f3nok - IQH Drones<\/title>\n<meta name=\"robots\" content=\"index, follow, max-snippet:-1, max-image-preview:large, max-video-preview:-1\" \/>\n<link rel=\"canonical\" href=\"https:\/\/iqhdrones.com\/en\/dronok\/\" \/>\n<meta property=\"og:locale\" content=\"en_GB\" \/>\n<meta property=\"og:type\" content=\"article\" \/>\n<meta property=\"og:title\" content=\"Dr\u00f3nok - IQH Drones\" \/>\n<meta property=\"og:description\" content=\"Dr\u00f3nok, amikkel dolgozunk Cinematic 5&#8243; + GoPro Ez a legelterjedtebb, legsokoldal\u00fabb modell. V\u00edz\u00e1ll\u00f3 verzi\u00f3val is rendelkez\u00fcnk. 2.5&#8243; cinewhoop + naked GoPro Kis m\u00e9rete miatt optim\u00e1lis v\u00e1laszt\u00e1s belt\u00e9ri forgat\u00e1sokhoz, illetve emberekhez k\u00f6zel rep\u00fclni. Mavic Stabil, kev\u00e9s mozg\u00e1st ig\u00e9nyl\u0151 filmez\u00e9sre. Cinelifter Nagyszab\u00e1s\u00fa projektekhez, mozifilmes kamer\u00e1t lehet vele leveg\u0151be emelni a maxim\u00e1lis vide\u00f3min\u0151s\u00e9g\u00e9rt. Cinelifter + Gimball Arra az [&hellip;]\" \/>\n<meta property=\"og:url\" content=\"https:\/\/iqhdrones.com\/en\/dronok\/\" \/>\n<meta property=\"og:site_name\" content=\"IQH Drones\" \/>\n<meta property=\"article:modified_time\" content=\"2024-07-09T22:28:17+00:00\" \/>\n<meta name=\"twitter:card\" content=\"summary_large_image\" \/>\n<meta name=\"twitter:label1\" content=\"Estimated reading time\" \/>\n\t<meta name=\"twitter:data1\" content=\"1 minute\" \/>\n<script type=\"application\/ld+json\" class=\"yoast-schema-graph\">{\"@context\":\"https:\/\/schema.org\",\"@graph\":[{\"@type\":\"WebPage\",\"@id\":\"https:\/\/iqhdrones.com\/en\/dronok\/\",\"url\":\"https:\/\/iqhdrones.com\/en\/dronok\/\",\"name\":\"Dr\u00f3nok - IQH Drones\",\"isPartOf\":{\"@id\":\"https:\/\/iqhdrones.com\/#website\"},\"datePublished\":\"2024-06-17T10:43:29+00:00\",\"dateModified\":\"2024-07-09T22:28:17+00:00\",\"breadcrumb\":{\"@id\":\"https:\/\/iqhdrones.com\/en\/dronok\/#breadcrumb\"},\"inLanguage\":\"en-GB\",\"potentialAction\":[{\"@type\":\"ReadAction\",\"target\":[\"https:\/\/iqhdrones.com\/en\/dronok\/\"]}]},{\"@type\":\"BreadcrumbList\",\"@id\":\"https:\/\/iqhdrones.com\/en\/dronok\/#breadcrumb\",\"itemListElement\":[{\"@type\":\"ListItem\",\"position\":1,\"name\":\"Home\",\"item\":\"https:\/\/iqhdrones.com\/\"},{\"@type\":\"ListItem\",\"position\":2,\"name\":\"Dr\u00f3nok\"}]},{\"@type\":\"WebSite\",\"@id\":\"https:\/\/iqhdrones.com\/#website\",\"url\":\"https:\/\/iqhdrones.com\/\",\"name\":\"IQH Drones\",\"description\":\"Vide\u00f3z\u00e1s FPV dr\u00f3nokkal.\",\"publisher\":{\"@id\":\"https:\/\/iqhdrones.com\/#organization\"},\"potentialAction\":[{\"@type\":\"SearchAction\",\"target\":{\"@type\":\"EntryPoint\",\"urlTemplate\":\"https:\/\/iqhdrones.com\/?s={search_term_string}\"},\"query-input\":{\"@type\":\"PropertyValueSpecification\",\"valueRequired\":true,\"valueName\":\"search_term_string\"}}],\"inLanguage\":\"en-GB\"},{\"@type\":\"Organization\",\"@id\":\"https:\/\/iqhdrones.com\/#organization\",\"name\":\"IQH Drones\",\"url\":\"https:\/\/iqhdrones.com\/\",\"logo\":{\"@type\":\"ImageObject\",\"inLanguage\":\"en-GB\",\"@id\":\"https:\/\/iqhdrones.com\/#\/schema\/logo\/image\/\",\"url\":\"https:\/\/i0.wp.com\/iqhdrones.com\/wp-content\/uploads\/2024\/06\/IQH_logo_vegleges-kek.png?fit=1261%2C537&ssl=1\",\"contentUrl\":\"https:\/\/i0.wp.com\/iqhdrones.com\/wp-content\/uploads\/2024\/06\/IQH_logo_vegleges-kek.png?fit=1261%2C537&ssl=1\",\"width\":1261,\"height\":537,\"caption\":\"IQH Drones\"},\"image\":{\"@id\":\"https:\/\/iqhdrones.com\/#\/schema\/logo\/image\/\"}}]}<\/script>\n<!-- \/ Yoast SEO plugin. -->","yoast_head_json":{"title":"Dr\u00f3nok - IQH Drones","robots":{"index":"index","follow":"follow","max-snippet":"max-snippet:-1","max-image-preview":"max-image-preview:large","max-video-preview":"max-video-preview:-1"},"canonical":"https:\/\/iqhdrones.com\/en\/dronok\/","og_locale":"en_GB","og_type":"article","og_title":"Dr\u00f3nok - IQH Drones","og_description":"Dr\u00f3nok, amikkel dolgozunk Cinematic 5&#8243; + GoPro Ez a legelterjedtebb, legsokoldal\u00fabb modell. V\u00edz\u00e1ll\u00f3 verzi\u00f3val is rendelkez\u00fcnk. 2.5&#8243; cinewhoop + naked GoPro Kis m\u00e9rete miatt optim\u00e1lis v\u00e1laszt\u00e1s belt\u00e9ri forgat\u00e1sokhoz, illetve emberekhez k\u00f6zel rep\u00fclni. Mavic Stabil, kev\u00e9s mozg\u00e1st ig\u00e9nyl\u0151 filmez\u00e9sre. Cinelifter Nagyszab\u00e1s\u00fa projektekhez, mozifilmes kamer\u00e1t lehet vele leveg\u0151be emelni a maxim\u00e1lis vide\u00f3min\u0151s\u00e9g\u00e9rt. Cinelifter + Gimball Arra az [&hellip;]","og_url":"https:\/\/iqhdrones.com\/en\/dronok\/","og_site_name":"IQH Drones","article_modified_time":"2024-07-09T22:28:17+00:00","twitter_card":"summary_large_image","twitter_misc":{"Estimated reading time":"1 minute"},"schema":{"@context":"https:\/\/schema.org","@graph":[{"@type":"WebPage","@id":"https:\/\/iqhdrones.com\/en\/dronok\/","url":"https:\/\/iqhdrones.com\/en\/dronok\/","name":"Dr\u00f3nok - IQH Drones","isPartOf":{"@id":"https:\/\/iqhdrones.com\/#website"},"datePublished":"2024-06-17T10:43:29+00:00","dateModified":"2024-07-09T22:28:17+00:00","breadcrumb":{"@id":"https:\/\/iqhdrones.com\/en\/dronok\/#breadcrumb"},"inLanguage":"en-GB","potentialAction":[{"@type":"ReadAction","target":["https:\/\/iqhdrones.com\/en\/dronok\/"]}]},{"@type":"BreadcrumbList","@id":"https:\/\/iqhdrones.com\/en\/dronok\/#breadcrumb","itemListElement":[{"@type":"ListItem","position":1,"name":"Home","item":"https:\/\/iqhdrones.com\/"},{"@type":"ListItem","position":2,"name":"Dr\u00f3nok"}]},{"@type":"WebSite","@id":"https:\/\/iqhdrones.com\/#website","url":"https:\/\/iqhdrones.com\/","name":"IQH Drones","description":"Vide\u00f3z\u00e1s FPV dr\u00f3nokkal.","publisher":{"@id":"https:\/\/iqhdrones.com\/#organization"},"potentialAction":[{"@type":"SearchAction","target":{"@type":"EntryPoint","urlTemplate":"https:\/\/iqhdrones.com\/?s={search_term_string}"},"query-input":{"@type":"PropertyValueSpecification","valueRequired":true,"valueName":"search_term_string"}}],"inLanguage":"en-GB"},{"@type":"Organization","@id":"https:\/\/iqhdrones.com\/#organization","name":"IQH Drones","url":"https:\/\/iqhdrones.com\/","logo":{"@type":"ImageObject","inLanguage":"en-GB","@id":"https:\/\/iqhdrones.com\/#\/schema\/logo\/image\/","url":"https:\/\/i0.wp.com\/iqhdrones.com\/wp-content\/uploads\/2024\/06\/IQH_logo_vegleges-kek.png?fit=1261%2C537&ssl=1","contentUrl":"https:\/\/i0.wp.com\/iqhdrones.com\/wp-content\/uploads\/2024\/06\/IQH_logo_vegleges-kek.png?fit=1261%2C537&ssl=1","width":1261,"height":537,"caption":"IQH Drones"},"image":{"@id":"https:\/\/iqhdrones.com\/#\/schema\/logo\/image\/"}}]}},"jetpack_sharing_enabled":true,"_links":{"self":[{"href":"https:\/\/iqhdrones.com\/en\/wp-json\/wp\/v2\/pages\/145","targetHints":{"allow":["GET"]}}],"collection":[{"href":"https:\/\/iqhdrones.com\/en\/wp-json\/wp\/v2\/pages"}],"about":[{"href":"https:\/\/iqhdrones.com\/en\/wp-json\/wp\/v2\/types\/page"}],"author":[{"embeddable":true,"href":"https:\/\/iqhdrones.com\/en\/wp-json\/wp\/v2\/users\/1"}],"replies":[{"embeddable":true,"href":"https:\/\/iqhdrones.com\/en\/wp-json\/wp\/v2\/comments?post=145"}],"version-history":[{"count":5,"href":"https:\/\/iqhdrones.com\/en\/wp-json\/wp\/v2\/pages\/145\/revisions"}],"predecessor-version":[{"id":1355,"href":"https:\/\/iqhdrones.com\/en\/wp-json\/wp\/v2\/pages\/145\/revisions\/1355"}],"wp:attachment":[{"href":"https:\/\/iqhdrones.com\/en\/wp-json\/wp\/v2\/media?parent=145"}],"curies":[{"name":"wp","href":"https:\/\/api.w.org\/{rel}","templated":true}]}}